{"id":2829,"date":"2024-05-11T09:46:55","date_gmt":"2024-05-11T01:46:55","guid":{"rendered":"http:\/\/47.251.45.240:8000\/product\/atv-restone500r2-copy\/"},"modified":"2026-04-10T15:24:49","modified_gmt":"2026-04-10T13:24:49","slug":"atv-restone-1000r2","status":"publish","type":"product","link":"https:\/\/de.bendamoto.com\/en\/product\/atv-restone-1000r2\/","title":{"rendered":"REDSTONE 1000 R2"},"content":{"rendered":"\t\t<div data-elementor-type=\"wp-post\" data-elementor-id=\"2829\" class=\"elementor elementor-2829\" data-elementor-post-type=\"product\">\n\t\t\t\t<div class=\"elementor-element elementor-element-90f69dc e-flex e-con-boxed e-con e-parent\" data-id=\"90f69dc\" data-element_type=\"container\" data-settings=\"{&quot;background_background&quot;:&quot;classic&quot;}\">\n\t\t\t\t\t<div class=\"e-con-inner\">\n\t\t<div class=\"elementor-element elementor-element-8af41ed e-con-full e-flex e-con e-child\" data-id=\"8af41ed\" data-element_type=\"container\">\n\t\t\t\t<div class=\"elementor-element elementor-element-206d678 elementor-widget elementor-widget-heading\" data-id=\"206d678\" data-element_type=\"widget\" data-widget_type=\"heading.default\">\n\t\t\t\t<div class=\"elementor-widget-container\">\n\t\t\t\t\t<h4 class=\"elementor-heading-title elementor-size-default\">REDSTONE 1000 R2<\/h4>\t\t\t\t<\/div>\n\t\t\t\t<\/div>\n\t\t\t\t<div class=\"elementor-element elementor-element-7251354 elementor-widget elementor-widget-text-editor\" data-id=\"7251354\" data-element_type=\"widget\" data-widget_type=\"text-editor.default\">\n\t\t\t\t<div class=\"elementor-widget-container\">\n\t\t\t\t\t\t\t\t\t<h5>Space Traveler<\/h5>\t\t\t\t\t\t\t\t<\/div>\n\t\t\t\t<\/div>\n\t\t\t\t<div class=\"elementor-element elementor-element-58ceffe elementor-widget-divider--view-line elementor-widget elementor-widget-divider\" data-id=\"58ceffe\" data-element_type=\"widget\" data-widget_type=\"divider.default\">\n\t\t\t\t<div class=\"elementor-widget-container\">\n\t\t\t\t\t\t\t<div class=\"elementor-divider\">\n\t\t\t<span class=\"elementor-divider-separator\">\n\t\t\t\t\t\t<\/span>\n\t\t<\/div>\n\t\t\t\t\t\t<\/div>\n\t\t\t\t<\/div>\n\t\t\t\t<div class=\"elementor-element elementor-element-d238544 elementor-widget elementor-widget-heading\" data-id=\"d238544\" data-element_type=\"widget\" data-widget_type=\"heading.default\">\n\t\t\t\t<div class=\"elementor-widget-container\">\n\t\t\t\t\t<h2 class=\"elementor-heading-title elementor-size-default\">\u20ac12.490,-*<\/h2>\t\t\t\t<\/div>\n\t\t\t\t<\/div>\n\t\t\t\t<\/div>\n\t\t<div class=\"elementor-element elementor-element-a8357cd e-con-full e-flex e-con e-child\" data-id=\"a8357cd\" data-element_type=\"container\">\n\t\t\t\t<div class=\"elementor-element elementor-element-b9e3f1d elementor-widget elementor-widget-text-editor\" data-id=\"b9e3f1d\" data-element_type=\"widget\" data-widget_type=\"text-editor.default\">\n\t\t\t\t<div class=\"elementor-widget-container\">\n\t\t\t\t\t\t\t\t\t<p><span style=\"color: #ffffff;\">*Empfohlener Verkaufspreis 2026 inkl. MwSt. zzgl. Nebenkosten.<br \/><\/span><span style=\"color: #ffffff;\">Unverbindliche Preisempfehlung von Benda Motor Europe GmbH.<\/span><\/p>\t\t\t\t\t\t\t\t<\/div>\n\t\t\t\t<\/div>\n\t\t\t\t<div class=\"elementor-element elementor-element-b356b1c elementor-widget__width-initial elementor-widget elementor-widget-button\" data-id=\"b356b1c\" data-element_type=\"widget\" data-widget_type=\"button.default\">\n\t\t\t\t<div class=\"elementor-widget-container\">\n\t\t\t\t\t\t\t\t\t<div class=\"elementor-button-wrapper\">\n\t\t\t\t\t<a class=\"elementor-button elementor-button-link elementor-size-sm\" href=\"https:\/\/de.bendamoto.com\/find-dealer\/\">\n\t\t\t\t\t\t<span class=\"elementor-button-content-wrapper\">\n\t\t\t\t\t\t\t\t\t<span class=\"elementor-button-text\">Finde einen H\u00e4ndler in deiner N\u00e4he<\/span>\n\t\t\t\t\t<\/span>\n\t\t\t\t\t<\/a>\n\t\t\t\t<\/div>\n\t\t\t\t\t\t\t\t<\/div>\n\t\t\t\t<\/div>\n\t\t\t\t<\/div>\n\t\t\t\t\t<\/div>\n\t\t\t\t<\/div>\n\t\t<div class=\"elementor-element elementor-element-a55ab39 e-flex e-con-boxed e-con e-parent\" data-id=\"a55ab39\" data-element_type=\"container\" data-settings=\"{&quot;background_background&quot;:&quot;classic&quot;}\">\n\t\t\t\t\t<div class=\"e-con-inner\">\n\t\t<div class=\"elementor-element elementor-element-08ecc69 e-flex e-con-boxed e-con e-child\" data-id=\"08ecc69\" data-element_type=\"container\">\n\t\t\t\t\t<div class=\"e-con-inner\">\n\t\t\t\t<div class=\"elementor-element elementor-element-8274af2 elementor-widget elementor-widget-heading\" data-id=\"8274af2\" data-element_type=\"widget\" data-widget_type=\"heading.default\">\n\t\t\t\t<div class=\"elementor-widget-container\">\n\t\t\t\t\t<h2 class=\"elementor-heading-title elementor-size-default\">Coming Soon \u2013 Redstone 1000 R2<\/h2>\t\t\t\t<\/div>\n\t\t\t\t<\/div>\n\t\t\t\t<div class=\"elementor-element elementor-element-6a0a7f2 elementor-widget elementor-widget-text-editor\" data-id=\"6a0a7f2\" data-element_type=\"widget\" data-widget_type=\"text-editor.default\">\n\t\t\t\t<div class=\"elementor-widget-container\">\n\t\t\t\t\t\t\t\t\t<p data-start=\"91\" data-end=\"257\">Die Redstone 1000 R2 markiert den n\u00e4chsten Entwicklungsschritt innerhalb der Redstone Familie und wird in K\u00fcrze verf\u00fcgbar sein.<\/p><p data-start=\"259\" data-end=\"615\">Im Zentrum steht ein gro\u00dfvolumiger V-Twin-Motor, ausgelegt f\u00fcr souver\u00e4ne Leistungsentfaltung, hohe Drehmomentreserven und konstante Performance \u2013 auch unter maximaler Belastung. In Kombination mit dem verl\u00e4ngerten Radstand entsteht ein besonders stabiles, kontrollierbares Fahrverhalten, selbst im Zwei-Personen-Betrieb und bei anspruchsvollen Eins\u00e4tzen.<\/p><p data-start=\"617\" data-end=\"655\" data-is-last-node=\"\" data-is-only-node=\"\">Weitere Details folgen mit Marktstart.<\/p>\t\t\t\t\t\t\t\t<\/div>\n\t\t\t\t<\/div>\n\t\t\t\t\t<\/div>\n\t\t\t\t<\/div>\n\t\t<div class=\"elementor-element elementor-element-e6c12a9 e-con-full e-flex e-con e-child\" data-id=\"e6c12a9\" data-element_type=\"container\">\n\t\t\t\t<div class=\"elementor-element elementor-element-86eadd8 elementor-widget elementor-widget-image\" data-id=\"86eadd8\" data-element_type=\"widget\" data-widget_type=\"image.default\">\n\t\t\t\t<div class=\"elementor-widget-container\">\n\t\t\t\t\t\t\t\t\t\t\t\t\t\t\t<img decoding=\"async\" src=\"https:\/\/bendaen-wp.oss-us-west-1.aliyuncs.com\/products\/ATV\/redstone1000r2\/1.png\" title=\"\" alt=\"\" loading=\"lazy\" \/>\t\t\t\t\t\t\t\t\t\t\t\t\t\t\t<\/div>\n\t\t\t\t<\/div>\n\t\t\t\t<\/div>\n\t\t\t\t\t<\/div>\n\t\t\t\t<\/div>\n\t\t<div class=\"elementor-element elementor-element-aa3e72a e-flex e-con-boxed e-con e-parent\" data-id=\"aa3e72a\" data-element_type=\"container\" data-settings=\"{&quot;background_background&quot;:&quot;classic&quot;}\">\n\t\t\t\t\t<div class=\"e-con-inner\">\n\t\t\t\t<div class=\"elementor-element elementor-element-6da4a1a elementor-widget elementor-widget-heading\" data-id=\"6da4a1a\" data-element_type=\"widget\" data-widget_type=\"heading.default\">\n\t\t\t\t<div class=\"elementor-widget-container\">\n\t\t\t\t\t<h2 class=\"elementor-heading-title elementor-size-default\">galerie<\/h2>\t\t\t\t<\/div>\n\t\t\t\t<\/div>\n\t\t\t\t\t<\/div>\n\t\t\t\t<\/div>\n\t\t<div class=\"elementor-element elementor-element-786c5cc e-flex e-con-boxed e-con e-parent\" data-id=\"786c5cc\" data-element_type=\"container\">\n\t\t\t\t\t<div class=\"e-con-inner\">\n\t\t\t\t<div class=\"elementor-element elementor-element-9236283 elementor-arrows-position-inside elementor-pagination-position-outside elementor-widget elementor-widget-image-carousel\" data-id=\"9236283\" data-element_type=\"widget\" data-settings=\"{&quot;slides_to_show&quot;:&quot;1&quot;,&quot;navigation&quot;:&quot;both&quot;,&quot;autoplay&quot;:&quot;yes&quot;,&quot;pause_on_hover&quot;:&quot;yes&quot;,&quot;pause_on_interaction&quot;:&quot;yes&quot;,&quot;autoplay_speed&quot;:5000,&quot;infinite&quot;:&quot;yes&quot;,&quot;effect&quot;:&quot;slide&quot;,&quot;speed&quot;:500}\" data-widget_type=\"image-carousel.default\">\n\t\t\t\t<div class=\"elementor-widget-container\">\n\t\t\t\t\t\t\t<div class=\"elementor-image-carousel-wrapper swiper\" role=\"region\" aria-roledescription=\"carousel\" aria-label=\"Bild Karussell\" dir=\"ltr\">\n\t\t\t<div class=\"elementor-image-carousel swiper-wrapper\" aria-live=\"off\">\n\t\t\t\t\t\t\t\t<div class=\"swiper-slide\" role=\"group\" aria-roledescription=\"slide\" aria-label=\"1 of 2\"><a data-elementor-open-lightbox=\"yes\" data-elementor-lightbox-slideshow=\"9236283\" data-e-action-hash=\"#elementor-action%3Aaction%3Dlightbox%26settings%3DeyJpZCI6IjU1NjgiLCJ1cmwiOiJodHRwczpcL1wvZGUuYmVuZGFtb3RvLmNvbVwvd3AtY29udGVudFwvdXBsb2Fkc1wvMjAyNFwvMDVcL1RPTTAxMTk0LXNjYWxlZC5qcGciLCJzbGlkZXNob3ciOiI5MjM2MjgzIn0%3D\" href=\"https:\/\/de.bendamoto.com\/wp-content\/uploads\/2024\/05\/TOM01194-scaled.jpg\"><figure class=\"swiper-slide-inner\"><img decoding=\"async\" class=\"swiper-slide-image\" src=\"https:\/\/de.bendamoto.com\/wp-content\/uploads\/2024\/05\/TOM01194-scaled.jpg\" alt=\"TOM01194\" \/><\/figure><\/a><\/div><div class=\"swiper-slide\" role=\"group\" aria-roledescription=\"slide\" aria-label=\"2 of 2\"><a data-elementor-open-lightbox=\"yes\" data-elementor-lightbox-slideshow=\"9236283\" data-e-action-hash=\"#elementor-action%3Aaction%3Dlightbox%26settings%3DeyJpZCI6IjU1NjkiLCJ1cmwiOiJodHRwczpcL1wvZGUuYmVuZGFtb3RvLmNvbVwvd3AtY29udGVudFwvdXBsb2Fkc1wvMjAyNFwvMDVcL1RPTTAzNTU3LXNjYWxlZC5qcGciLCJzbGlkZXNob3ciOiI5MjM2MjgzIn0%3D\" href=\"https:\/\/de.bendamoto.com\/wp-content\/uploads\/2024\/05\/TOM03557-scaled.jpg\"><figure class=\"swiper-slide-inner\"><img decoding=\"async\" class=\"swiper-slide-image\" src=\"https:\/\/de.bendamoto.com\/wp-content\/uploads\/2024\/05\/TOM03557-scaled.jpg\" alt=\"TOM03557\" \/><\/figure><\/a><\/div>\t\t\t<\/div>\n\t\t\t\t\t\t\t\t\t\t\t\t<div class=\"elementor-swiper-button elementor-swiper-button-prev\" role=\"button\" tabindex=\"0\">\n\t\t\t\t\t\t<svg aria-hidden=\"true\" class=\"e-font-icon-svg e-eicon-chevron-left\" viewBox=\"0 0 1000 1000\" xmlns=\"http:\/\/www.w3.org\/2000\/svg\"><path d=\"M646 125C629 125 613 133 604 142L308 442C296 454 292 471 292 487 292 504 296 521 308 533L604 854C617 867 629 875 646 875 663 875 679 871 692 858 704 846 713 829 713 812 713 796 708 779 692 767L438 487 692 225C700 217 708 204 708 187 708 171 704 154 692 142 675 129 663 125 646 125Z\"><\/path><\/svg>\t\t\t\t\t<\/div>\n\t\t\t\t\t<div class=\"elementor-swiper-button elementor-swiper-button-next\" role=\"button\" tabindex=\"0\">\n\t\t\t\t\t\t<svg aria-hidden=\"true\" class=\"e-font-icon-svg e-eicon-chevron-right\" viewBox=\"0 0 1000 1000\" xmlns=\"http:\/\/www.w3.org\/2000\/svg\"><path d=\"M696 533C708 521 713 504 713 487 713 471 708 454 696 446L400 146C388 133 375 125 354 125 338 125 325 129 313 142 300 154 292 171 292 187 292 204 296 221 308 233L563 492 304 771C292 783 288 800 288 817 288 833 296 850 308 863 321 871 338 875 354 875 371 875 388 867 400 854L696 533Z\"><\/path><\/svg>\t\t\t\t\t<\/div>\n\t\t\t\t\n\t\t\t\t\t\t\t\t\t<div class=\"swiper-pagination\"><\/div>\n\t\t\t\t\t\t\t\t\t<\/div>\n\t\t\t\t\t\t<\/div>\n\t\t\t\t<\/div>\n\t\t\t\t\t<\/div>\n\t\t\t\t<\/div>\n\t\t<div class=\"elementor-element elementor-element-08f7d18 e-con-full e-flex e-con e-child\" data-id=\"08f7d18\" data-element_type=\"container\">\n\t\t\t\t<div class=\"elementor-element elementor-element-7b5a0b5 elementor-widget__width-initial elementor-align-center elementor-widget elementor-widget-button\" data-id=\"7b5a0b5\" data-element_type=\"widget\" data-widget_type=\"button.default\">\n\t\t\t\t<div class=\"elementor-widget-container\">\n\t\t\t\t\t\t\t\t\t<div class=\"elementor-button-wrapper\">\n\t\t\t\t\t<a class=\"elementor-button elementor-button-link elementor-size-sm\" href=\"https:\/\/de.bendamoto.com\/find-dealer\/\">\n\t\t\t\t\t\t<span class=\"elementor-button-content-wrapper\">\n\t\t\t\t\t\t\t\t\t<span class=\"elementor-button-text\">Finde jetzt einen H\u00e4ndler in deiner N\u00e4he!<\/span>\n\t\t\t\t\t<\/span>\n\t\t\t\t\t<\/a>\n\t\t\t\t<\/div>\n\t\t\t\t\t\t\t\t<\/div>\n\t\t\t\t<\/div>\n\t\t\t\t<\/div>\n\t\t\t\t<\/div>\n\t\t","protected":false},"featured_media":2921,"menu_order":0,"template":"","products":[15],"class_list":["post-2829","product","type-product","status-publish","has-post-thumbnail","hentry","products-atv"],"_links":{"self":[{"href":"https:\/\/de.bendamoto.com\/en\/wp-json\/wp\/v2\/product\/2829","targetHints":{"allow":["GET"]}}],"collection":[{"href":"https:\/\/de.bendamoto.com\/en\/wp-json\/wp\/v2\/product"}],"about":[{"href":"https:\/\/de.bendamoto.com\/en\/wp-json\/wp\/v2\/types\/product"}],"version-history":[{"count":55,"href":"https:\/\/de.bendamoto.com\/en\/wp-json\/wp\/v2\/product\/2829\/revisions"}],"predecessor-version":[{"id":5557,"href":"https:\/\/de.bendamoto.com\/en\/wp-json\/wp\/v2\/product\/2829\/revisions\/5557"}],"wp:featuredmedia":[{"embeddable":true,"href":"https:\/\/de.bendamoto.com\/en\/wp-json\/wp\/v2\/media\/2921"}],"wp:attachment":[{"href":"https:\/\/de.bendamoto.com\/en\/wp-json\/wp\/v2\/media?parent=2829"}],"wp:term":[{"taxonomy":"products","embeddable":true,"href":"https:\/\/de.bendamoto.com\/en\/wp-json\/wp\/v2\/products?post=2829"}],"curies":[{"name":"wp","href":"https:\/\/api.w.org\/{rel}","templated":true}]}}